{"id":1354,"date":"2022-06-22T08:36:02","date_gmt":"2022-06-22T08:36:02","guid":{"rendered":"https:\/\/startersites.io\/elementor\/persona\/?page_id=1354"},"modified":"2025-12-19T12:08:11","modified_gmt":"2025-12-19T11:08:11","slug":"pdr","status":"publish","type":"page","link":"https:\/\/mrwgniot.pl\/?page_id=1354","title":{"rendered":"PDR"},"content":{"rendered":"\t\t<div data-elementor-type=\"wp-page\" data-elementor-id=\"1354\" class=\"elementor elementor-1354\">\n\t\t\t\t<div class=\"elementor-element elementor-element-ffe6012 e-flex e-con-boxed e-con e-parent\" data-id=\"ffe6012\" data-element_type=\"container\">\n\t\t\t\t\t<div class=\"e-con-inner\">\n\t\t<div class=\"elementor-element elementor-element-64fa810 e-con-full e-flex e-con e-child\" data-id=\"64fa810\" data-element_type=\"container\">\n\t\t<div class=\"elementor-element elementor-element-7dc45e0 e-con-full e-flex e-con e-child\" data-id=\"7dc45e0\" data-element_type=\"container\">\n\t\t\t\t<div class=\"elementor-element elementor-element-e8532be elementor-widget elementor-widget-text-editor\" data-id=\"e8532be\" data-element_type=\"widget\" data-widget_type=\"text-editor.default\">\n\t\t\t\t\t\t\t\t\t<p><strong>_____<\/strong><\/p>\t\t\t\t\t\t\t\t<\/div>\n\t\t\t\t<div class=\"elementor-element elementor-element-18b3ab1 ct-advanced-heading elementor-widget elementor-widget-heading\" data-id=\"18b3ab1\" data-element_type=\"widget\" data-widget_type=\"heading.default\">\n\t\t\t\t\t<h2 class=\"elementor-heading-title elementor-size-default\">Metoda PDR idealnie sprawdza si\u0119 w przypadku:<\/h2>\t\t\t\t<\/div>\n\t\t\t\t<\/div>\n\t\t\t\t<\/div>\n\t\t\t\t\t<\/div>\n\t\t\t\t<\/div>\n\t\t<div class=\"elementor-element elementor-element-633a3136 e-flex e-con-boxed e-con e-parent\" data-id=\"633a3136\" data-element_type=\"container\">\n\t\t\t\t\t<div class=\"e-con-inner\">\n\t\t<div class=\"elementor-element elementor-element-35bff14a e-con-full e-flex e-con e-child\" data-id=\"35bff14a\" data-element_type=\"container\" data-settings=\"{&quot;background_background&quot;:&quot;classic&quot;}\">\n\t\t\t\t<div class=\"elementor-element elementor-element-370c2892 elementor-widget elementor-widget-icon-box\" data-id=\"370c2892\" data-element_type=\"widget\" data-widget_type=\"icon-box.default\">\n\t\t\t\t\t\t\t<div class=\"elementor-icon-box-wrapper\">\n\n\t\t\t\n\t\t\t\t\t\t<div class=\"elementor-icon-box-content\">\n\n\t\t\t\t\t\t\t\t\t<h3 class=\"elementor-icon-box-title\">\n\t\t\t\t\t\t<span  >\n\t\t\t\t\t\t\tWgniece\u0144 po gradobiciu\t\t\t\t\t\t<\/span>\n\t\t\t\t\t<\/h3>\n\t\t\t\t\n\t\t\t\t\t\t\t\t\t<p class=\"elementor-icon-box-description\">\n\t\t\t\t\t\tUsuwanie licznych, drobnych wgniece\u0144 bez konieczno\u015bci lakierowania, z zachowaniem oryginalnej pow\u0142oki i warto\u015bci pojazdu.\t\t\t\t\t<\/p>\n\t\t\t\t\n\t\t\t<\/div>\n\t\t\t\n\t\t<\/div>\n\t\t\t\t\t\t<\/div>\n\t\t\t\t<\/div>\n\t\t<div class=\"elementor-element elementor-element-29140bb7 e-con-full e-flex e-con e-child\" data-id=\"29140bb7\" data-element_type=\"container\" data-settings=\"{&quot;background_background&quot;:&quot;classic&quot;}\">\n\t\t\t\t<div class=\"elementor-element elementor-element-4bb8aca2 elementor-widget elementor-widget-icon-box\" data-id=\"4bb8aca2\" data-element_type=\"widget\" data-widget_type=\"icon-box.default\">\n\t\t\t\t\t\t\t<div class=\"elementor-icon-box-wrapper\">\n\n\t\t\t\n\t\t\t\t\t\t<div class=\"elementor-icon-box-content\">\n\n\t\t\t\t\t\t\t\t\t<h3 class=\"elementor-icon-box-title\">\n\t\t\t\t\t\t<span  >\n\t\t\t\t\t\t\tSzk\u00f3d parkingowych\t\t\t\t\t\t<\/span>\n\t\t\t\t\t<\/h3>\n\t\t\t\t\n\t\t\t\t\t\t\t\t\t<p class=\"elementor-icon-box-description\">\n\t\t\t\t\t\tNaprawa wgniece\u0144 powsta\u0142ych od uderze\u0144 drzwiami, koszyk\u00f3w czy innych lekkich kolizji \u2013 szybko i bez \u015blad\u00f3w ingerencji.\t\t\t\t\t<\/p>\n\t\t\t\t\n\t\t\t<\/div>\n\t\t\t\n\t\t<\/div>\n\t\t\t\t\t\t<\/div>\n\t\t\t\t<\/div>\n\t\t<div class=\"elementor-element elementor-element-668ad0df e-con-full e-flex e-con e-child\" data-id=\"668ad0df\" data-element_type=\"container\" data-settings=\"{&quot;background_background&quot;:&quot;classic&quot;}\">\n\t\t\t\t<div class=\"elementor-element elementor-element-fead8e7 elementor-widget elementor-widget-icon-box\" data-id=\"fead8e7\" data-element_type=\"widget\" data-widget_type=\"icon-box.default\">\n\t\t\t\t\t\t\t<div class=\"elementor-icon-box-wrapper\">\n\n\t\t\t\n\t\t\t\t\t\t<div class=\"elementor-icon-box-content\">\n\n\t\t\t\t\t\t\t\t\t<h3 class=\"elementor-icon-box-title\">\n\t\t\t\t\t\t<span  >\n\t\t\t\t\t\t\tDeformacji bez uszkodzenia lakieru\t\t\t\t\t\t<\/span>\n\t\t\t\t\t<\/h3>\n\t\t\t\t\n\t\t\t\t\t\t\t\t\t<p class=\"elementor-icon-box-description\">\n\t\t\t\t\t\tSkuteczne prostowanie blachy tam, gdzie lakier pozosta\u0142 nienaruszony, bez szpachli i ponownego malowania.\t\t\t\t\t<\/p>\n\t\t\t\t\n\t\t\t<\/div>\n\t\t\t\n\t\t<\/div>\n\t\t\t\t\t\t<\/div>\n\t\t\t\t<\/div>\n\t\t\t\t\t<\/div>\n\t\t\t\t<\/div>\n\t\t<div class=\"elementor-element elementor-element-fe8b39e e-flex e-con-boxed e-con e-parent\" data-id=\"fe8b39e\" data-element_type=\"container\">\n\t\t\t\t\t<div class=\"e-con-inner\">\n\t\t<div class=\"elementor-element elementor-element-89bdfb8 e-con-full e-flex e-con e-child\" data-id=\"89bdfb8\" data-element_type=\"container\">\n\t\t\t\t<div class=\"elementor-element elementor-element-1626e61 elementor-widget__width-initial elementor-widget elementor-widget-image\" data-id=\"1626e61\" data-element_type=\"widget\" data-widget_type=\"image.default\">\n\t\t\t\t\t\t\t\t\t\t\t\t\t\t\t<img fetchpriority=\"high\" decoding=\"async\" width=\"1316\" height=\"640\" src=\"https:\/\/mrwgniot.pl\/wp-content\/uploads\/2025\/12\/91557972_1715689141917037_8797349051033976832_n.jpg\" class=\"attachment-full size-full wp-image-1570\" alt=\"\" srcset=\"https:\/\/mrwgniot.pl\/wp-content\/uploads\/2025\/12\/91557972_1715689141917037_8797349051033976832_n.jpg 1316w, https:\/\/mrwgniot.pl\/wp-content\/uploads\/2025\/12\/91557972_1715689141917037_8797349051033976832_n-300x146.jpg 300w, https:\/\/mrwgniot.pl\/wp-content\/uploads\/2025\/12\/91557972_1715689141917037_8797349051033976832_n-1024x498.jpg 1024w, https:\/\/mrwgniot.pl\/wp-content\/uploads\/2025\/12\/91557972_1715689141917037_8797349051033976832_n-768x373.jpg 768w\" sizes=\"(max-width: 1316px) 100vw, 1316px\" \/>\t\t\t\t\t\t\t\t\t\t\t\t\t\t\t<\/div>\n\t\t<div class=\"elementor-element elementor-element-d86cc48 e-con-full e-flex e-con e-child\" data-id=\"d86cc48\" data-element_type=\"container\">\n\t\t\t\t<div class=\"elementor-element elementor-element-21d241d elementor-widget-divider--view-line elementor-widget elementor-widget-divider\" data-id=\"21d241d\" data-element_type=\"widget\" data-widget_type=\"divider.default\">\n\t\t\t\t\t\t\t<div class=\"elementor-divider\">\n\t\t\t<span class=\"elementor-divider-separator\">\n\t\t\t\t\t\t<\/span>\n\t\t<\/div>\n\t\t\t\t\t\t<\/div>\n\t\t\t\t<div class=\"elementor-element elementor-element-9ef442c elementor-widget elementor-widget-heading\" data-id=\"9ef442c\" data-element_type=\"widget\" data-widget_type=\"heading.default\">\n\t\t\t\t\t<h2 class=\"elementor-heading-title elementor-size-default\">Jak przebiega naprawa PDR?<\/h2>\t\t\t\t<\/div>\n\t\t<div class=\"elementor-element elementor-element-ee0ec2a e-flex e-con-boxed e-con e-child\" data-id=\"ee0ec2a\" data-element_type=\"container\">\n\t\t\t\t\t<div class=\"e-con-inner\">\n\t\t<div class=\"elementor-element elementor-element-abbd0fb e-con-full e-flex e-con e-child\" data-id=\"abbd0fb\" data-element_type=\"container\">\n\t\t\t\t<div class=\"elementor-element elementor-element-781dde7 elementor-widget elementor-widget-text-editor\" data-id=\"781dde7\" data-element_type=\"widget\" data-widget_type=\"text-editor.default\">\n\t\t\t\t\t\t\t\t\t<ul><li><p><strong>Ocena uszkodzenia<\/strong><br \/>Dok\u0142adnie analizujemy wielko\u015b\u0107, g\u0142\u0119boko\u015b\u0107 i lokalizacj\u0119 wgniecenia.<\/p><\/li><li><p><strong>Dob\u00f3r odpowiedniej techniki<\/strong><br \/>Stosujemy specjalistyczne narz\u0119dzia do wypychania blachy od wewn\u0105trz lub systemy klejowe od zewn\u0105trz.<\/p><\/li><li><p><strong>Precyzyjna korekta blachy<\/strong><br \/>Milimetr po milimetrze przywracamy oryginalny kszta\u0142t elementu.<\/p><\/li><li><p><strong>Kontrola jako\u015bci<\/strong><br \/>Sprawdzamy efekt pod r\u00f3\u017cnym k\u0105tem \u015bwiat\u0142a, aby uzyska\u0107 perfekcyjny rezultat.<\/p><\/li><\/ul>\t\t\t\t\t\t\t\t<\/div>\n\t\t\t\t<\/div>\n\t\t\t\t\t<\/div>\n\t\t\t\t<\/div>\n\t\t\t\t<\/div>\n\t\t\t\t<\/div>\n\t\t\t\t\t<\/div>\n\t\t\t\t<\/div>\n\t\t<div class=\"elementor-element elementor-element-2079789 e-flex e-con-boxed e-con e-parent\" data-id=\"2079789\" data-element_type=\"container\">\n\t\t\t\t\t<div class=\"e-con-inner\">\n\t\t<div class=\"elementor-element elementor-element-4d9b769 e-con-full e-flex e-con e-child\" data-id=\"4d9b769\" data-element_type=\"container\">\n\t\t<div class=\"elementor-element elementor-element-5c35fa8 e-con-full e-flex e-con e-child\" data-id=\"5c35fa8\" data-element_type=\"container\">\n\t\t\t\t<div class=\"elementor-element elementor-element-3184864 elementor-widget-divider--view-line elementor-widget elementor-widget-divider\" data-id=\"3184864\" data-element_type=\"widget\" data-widget_type=\"divider.default\">\n\t\t\t\t\t\t\t<div class=\"elementor-divider\">\n\t\t\t<span class=\"elementor-divider-separator\">\n\t\t\t\t\t\t<\/span>\n\t\t<\/div>\n\t\t\t\t\t\t<\/div>\n\t\t<div class=\"elementor-element elementor-element-bfa8eba e-flex e-con-boxed e-con e-child\" data-id=\"bfa8eba\" data-element_type=\"container\">\n\t\t\t\t\t<div class=\"e-con-inner\">\n\t\t<div class=\"elementor-element elementor-element-798aa3e e-con-full e-flex e-con e-child\" data-id=\"798aa3e\" data-element_type=\"container\">\n\t\t\t\t<div class=\"elementor-element elementor-element-ffd9da0 elementor-widget elementor-widget-heading\" data-id=\"ffd9da0\" data-element_type=\"widget\" data-widget_type=\"heading.default\">\n\t\t\t\t\t<h2 class=\"elementor-heading-title elementor-size-default\">Dlaczego warto wybra\u0107 PDR?<\/h2>\t\t\t\t<\/div>\n\t\t\t\t<div class=\"elementor-element elementor-element-9811c6b elementor-widget elementor-widget-text-editor\" data-id=\"9811c6b\" data-element_type=\"widget\" data-widget_type=\"text-editor.default\">\n\t\t\t\t\t\t\t\t\t<ul><li>Bez lakierowania Zachowujesz fabryczny lakier, co ma ogromne znaczenie dla estetyki i warto\u015bci samochodu.<\/li><li>Kr\u00f3tki czas naprawy Wi\u0119kszo\u015b\u0107 napraw PDR wykonujemy w ci\u0105gu kilku godzin, a cz\u0119sto nawet tego samego dnia.<\/li><li>Ni\u017cszy koszt Brak lakierowania i materia\u0142\u00f3w blacharskich oznacza realne oszcz\u0119dno\u015bci.<\/li><li>Ekologiczne rozwi\u0105zanie PDR nie wymaga u\u017cycia lakier\u00f3w, rozpuszczalnik\u00f3w ani chemii.<\/li><li>Zachowanie warto\u015bci auta Naprawa bez ingerencji w lakier nie wp\u0142ywa negatywnie na histori\u0119 pojazdu.<\/li><\/ul>\t\t\t\t\t\t\t\t<\/div>\n\t\t\t\t<\/div>\n\t\t\t\t\t<\/div>\n\t\t\t\t<\/div>\n\t\t\t\t<\/div>\n\t\t\t\t<div class=\"elementor-element elementor-element-27de278 elementor-widget__width-initial elementor-widget elementor-widget-image\" data-id=\"27de278\" data-element_type=\"widget\" data-widget_type=\"image.default\">\n\t\t\t\t\t\t\t\t\t\t\t\t\t\t\t<img decoding=\"async\" width=\"2048\" height=\"1152\" src=\"https:\/\/mrwgniot.pl\/wp-content\/uploads\/2025\/12\/37596890_1109190329233591_1601980135202881536_n.jpg\" class=\"attachment-full size-full wp-image-1571\" alt=\"\" srcset=\"https:\/\/mrwgniot.pl\/wp-content\/uploads\/2025\/12\/37596890_1109190329233591_1601980135202881536_n.jpg 2048w, https:\/\/mrwgniot.pl\/wp-content\/uploads\/2025\/12\/37596890_1109190329233591_1601980135202881536_n-300x169.jpg 300w, https:\/\/mrwgniot.pl\/wp-content\/uploads\/2025\/12\/37596890_1109190329233591_1601980135202881536_n-1024x576.jpg 1024w, https:\/\/mrwgniot.pl\/wp-content\/uploads\/2025\/12\/37596890_1109190329233591_1601980135202881536_n-768x432.jpg 768w, https:\/\/mrwgniot.pl\/wp-content\/uploads\/2025\/12\/37596890_1109190329233591_1601980135202881536_n-1536x864.jpg 1536w\" sizes=\"(max-width: 2048px) 100vw, 2048px\" \/>\t\t\t\t\t\t\t\t\t\t\t\t\t\t\t<\/div>\n\t\t\t\t<\/div>\n\t\t\t\t\t<\/div>\n\t\t\t\t<\/div>\n\t\t<div class=\"elementor-element elementor-element-937e8d2 e-flex e-con-boxed e-con e-parent\" data-id=\"937e8d2\" data-element_type=\"container\">\n\t\t\t\t\t<div class=\"e-con-inner\">\n\t\t<div class=\"elementor-element elementor-element-4765faf e-con-full e-flex e-con e-child\" data-id=\"4765faf\" data-element_type=\"container\">\n\t\t<div class=\"elementor-element elementor-element-12130c8 e-con-full e-flex e-con e-child\" data-id=\"12130c8\" data-element_type=\"container\">\n\t\t\t\t<div class=\"elementor-element elementor-element-37afcac elementor-widget elementor-widget-text-editor\" data-id=\"37afcac\" data-element_type=\"widget\" data-widget_type=\"text-editor.default\">\n\t\t\t\t\t\t\t\t\t<p>Napisz do nas<\/p>\t\t\t\t\t\t\t\t<\/div>\n\t\t\t\t<div class=\"elementor-element elementor-element-d16cbfe elementor-widget elementor-widget-heading\" data-id=\"d16cbfe\" data-element_type=\"widget\" data-widget_type=\"heading.default\">\n\t\t\t\t\t<h2 class=\"elementor-heading-title elementor-size-default\">Porozmawiajmy!<\/h2>\t\t\t\t<\/div>\n\t\t\t\t<div class=\"elementor-element elementor-element-a17c328 elementor-widget elementor-widget-text-editor\" data-id=\"a17c328\" data-element_type=\"widget\" data-widget_type=\"text-editor.default\">\n\t\t\t\t\t\t\t\t\t<p data-start=\"81\" data-end=\"171\">Masz pytania lub chcesz dowiedzie\u0107 si\u0119 wi\u0119cej o naszych us\u0142ugach? Skontaktuj si\u0119 z nami!<\/p><p data-start=\"173\" data-end=\"279\">\u00a0<\/p>\t\t\t\t\t\t\t\t<\/div>\n\t\t\t\t<div class=\"elementor-element elementor-element-e42cfd2 elementor-widget-mobile__width-inherit elementor-widget elementor-widget-wpforms\" data-id=\"e42cfd2\" data-element_type=\"widget\" data-widget_type=\"wpforms.default\">\n\t\t\t\t<div class=\"elementor-widget-container\">\n\t\t\t\t\t<div class=\"wpforms-container wpforms-render-modern\" id=\"wpforms-378\"><form id=\"wpforms-form-378\" class=\"wpforms-validate wpforms-form\" data-formid=\"378\" method=\"post\" enctype=\"multipart\/form-data\" action=\"\/index.php?rest_route=%2Fwp%2Fv2%2Fpages%2F1354\" data-token=\"a1375fd608d1118f8d2e0963eac162ae\" data-token-time=\"1778838465\"><noscript class=\"wpforms-error-noscript\">Please enable JavaScript in your browser to complete this form.<\/noscript><div id=\"wpforms-error-noscript\" style=\"display: none;\">Please enable JavaScript in your browser to complete this form.<\/div><div class=\"wpforms-field-container\"><div id=\"wpforms-378-field_0-container\" class=\"wpforms-field wpforms-field-name\" data-field-id=\"0\"><label class=\"wpforms-field-label wpforms-label-hide\" for=\"wpforms-378-field_0\" aria-hidden=\"false\">Imi\u0119 <span class=\"wpforms-required-label\" aria-hidden=\"true\">*<\/span><\/label><input type=\"text\" id=\"wpforms-378-field_0\" class=\"wpforms-field-large wpforms-field-required\" name=\"wpforms[fields][0]\" placeholder=\"Imi\u0119\" aria-errormessage=\"wpforms-378-field_0-error\" required><\/div><div id=\"wpforms-378-field_1-container\" class=\"wpforms-field wpforms-field-email\" data-field-id=\"1\"><label class=\"wpforms-field-label wpforms-label-hide\" for=\"wpforms-378-field_1\" aria-hidden=\"false\">Email  <span class=\"wpforms-required-label\" aria-hidden=\"true\">*<\/span><\/label><input type=\"email\" id=\"wpforms-378-field_1\" class=\"wpforms-field-large wpforms-field-required\" name=\"wpforms[fields][1]\" placeholder=\"Email \" spellcheck=\"false\" aria-errormessage=\"wpforms-378-field_1-error\" required><\/div><div id=\"wpforms-378-field_2-container\" class=\"wpforms-field wpforms-field-textarea\" data-field-id=\"2\"><label class=\"wpforms-field-label wpforms-label-hide\" for=\"wpforms-378-field_2\" aria-hidden=\"false\">Wiadomo\u015b\u0107 <span class=\"wpforms-required-label\" aria-hidden=\"true\">*<\/span><\/label><textarea id=\"wpforms-378-field_2\" class=\"wpforms-field-medium wpforms-field-required\" name=\"wpforms[fields][2]\" placeholder=\"Wiadomo\u015b\u0107\" aria-errormessage=\"wpforms-378-field_2-error\" required><\/textarea><\/div><\/div><!-- .wpforms-field-container --><div class=\"wpforms-submit-container\" ><input type=\"hidden\" name=\"wpforms[id]\" value=\"378\"><input type=\"hidden\" name=\"page_title\" value=\"\"><input type=\"hidden\" name=\"page_url\" value=\"https:\/\/mrwgniot.pl\/index.php?rest_route=\/wp\/v2\/pages\/1354\"><input type=\"hidden\" name=\"url_referer\" value=\"\"><button type=\"submit\" name=\"wpforms[submit]\" id=\"wpforms-submit-378\" class=\"wpforms-submit\" data-alt-text=\"Wysy\u0142anie...\" data-submit-text=\"Wy\u015blij\" aria-live=\"assertive\" value=\"wpforms-submit\">Wy\u015blij<\/button><\/div><\/form><\/div>  <!-- .wpforms-container -->\t\t\t\t<\/div>\n\t\t\t\t<\/div>\n\t\t\t\t<\/div>\n\t\t\t\t<\/div>\n\t\t\t\t\t<\/div>\n\t\t\t\t<\/div>\n\t\t\t\t<\/div>\n\t\t","protected":false},"excerpt":{"rendered":"<p>_____ Metoda PDR idealnie sprawdza si\u0119 w przypadku: Wgniece\u0144 po gradobiciu Usuwanie licznych, drobnych wgniece\u0144 bez konieczno\u015bci lakierowania, z zachowaniem oryginalnej pow\u0142oki i warto\u015bci pojazdu. Szk\u00f3d parkingowych Naprawa wgniece\u0144 powsta\u0142ych od uderze\u0144 drzwiami, koszyk\u00f3w czy innych lekkich kolizji \u2013 szybko i bez \u015blad\u00f3w ingerencji. Deformacji bez uszkodzenia lakieru Skuteczne prostowanie blachy tam, gdzie lakier pozosta\u0142 [&hellip;]<\/p>\n","protected":false},"author":1,"featured_media":0,"parent":0,"menu_order":0,"comment_status":"closed","ping_status":"closed","template":"","meta":{"ngg_post_thumbnail":0,"footnotes":""},"class_list":["post-1354","page","type-page","status-publish","hentry"],"blocksy_meta":{"styles_descriptor":{"styles":{"desktop":"","tablet":"","mobile":""},"google_fonts":[],"version":6}},"_links":{"self":[{"href":"https:\/\/mrwgniot.pl\/index.php?rest_route=\/wp\/v2\/pages\/1354","targetHints":{"allow":["GET"]}}],"collection":[{"href":"https:\/\/mrwgniot.pl\/index.php?rest_route=\/wp\/v2\/pages"}],"about":[{"href":"https:\/\/mrwgniot.pl\/index.php?rest_route=\/wp\/v2\/types\/page"}],"author":[{"embeddable":true,"href":"https:\/\/mrwgniot.pl\/index.php?rest_route=\/wp\/v2\/users\/1"}],"replies":[{"embeddable":true,"href":"https:\/\/mrwgniot.pl\/index.php?rest_route=%2Fwp%2Fv2%2Fcomments&post=1354"}],"version-history":[{"count":7,"href":"https:\/\/mrwgniot.pl\/index.php?rest_route=\/wp\/v2\/pages\/1354\/revisions"}],"predecessor-version":[{"id":1574,"href":"https:\/\/mrwgniot.pl\/index.php?rest_route=\/wp\/v2\/pages\/1354\/revisions\/1574"}],"wp:attachment":[{"href":"https:\/\/mrwgniot.pl\/index.php?rest_route=%2Fwp%2Fv2%2Fmedia&parent=1354"}],"curies":[{"name":"wp","href":"https:\/\/api.w.org\/{rel}","templated":true}]}}