{"id":835,"date":"2022-06-09T17:18:39","date_gmt":"2022-06-09T17:18:39","guid":{"rendered":"https:\/\/startersites.io\/elementor\/persona\/?page_id=835"},"modified":"2026-01-13T18:12:17","modified_gmt":"2026-01-13T17:12:17","slug":"o-nas","status":"publish","type":"page","link":"https:\/\/mrwgniot.pl\/?page_id=835","title":{"rendered":"O nas"},"content":{"rendered":"\t\t<div data-elementor-type=\"wp-page\" data-elementor-id=\"835\" class=\"elementor elementor-835\">\n\t\t\t\t<div class=\"elementor-element elementor-element-f32d86d e-flex e-con-boxed e-con e-parent\" data-id=\"f32d86d\" data-element_type=\"container\">\n\t\t\t\t\t<div class=\"e-con-inner\">\n\t\t\t\t<div class=\"elementor-element elementor-element-a3cc2d0 elementor-widget__width-initial elementor-widget elementor-widget-image\" data-id=\"a3cc2d0\" data-element_type=\"widget\" data-widget_type=\"image.default\">\n\t\t\t\t\t\t\t\t\t\t\t\t\t\t\t<img fetchpriority=\"high\" decoding=\"async\" width=\"1440\" height=\"827\" src=\"https:\/\/mrwgniot.pl\/wp-content\/uploads\/2025\/12\/475846524_3177374925748444_4398519176770533485_n.jpg\" class=\"attachment-full size-full wp-image-1461\" alt=\"\" srcset=\"https:\/\/mrwgniot.pl\/wp-content\/uploads\/2025\/12\/475846524_3177374925748444_4398519176770533485_n.jpg 1440w, https:\/\/mrwgniot.pl\/wp-content\/uploads\/2025\/12\/475846524_3177374925748444_4398519176770533485_n-300x172.jpg 300w, https:\/\/mrwgniot.pl\/wp-content\/uploads\/2025\/12\/475846524_3177374925748444_4398519176770533485_n-1024x588.jpg 1024w, https:\/\/mrwgniot.pl\/wp-content\/uploads\/2025\/12\/475846524_3177374925748444_4398519176770533485_n-768x441.jpg 768w\" sizes=\"(max-width: 1440px) 100vw, 1440px\" \/>\t\t\t\t\t\t\t\t\t\t\t\t\t\t\t<\/div>\n\t\t<div class=\"elementor-element elementor-element-f190a5a e-con-full e-flex e-con e-child\" data-id=\"f190a5a\" data-element_type=\"container\">\n\t\t\t\t<div class=\"elementor-element elementor-element-317262f elementor-widget-divider--view-line elementor-widget elementor-widget-divider\" data-id=\"317262f\" data-element_type=\"widget\" data-widget_type=\"divider.default\">\n\t\t\t\t\t\t\t<div class=\"elementor-divider\">\n\t\t\t<span class=\"elementor-divider-separator\">\n\t\t\t\t\t\t<\/span>\n\t\t<\/div>\n\t\t\t\t\t\t<\/div>\n\t\t\t\t<div class=\"elementor-element elementor-element-fea6de6 elementor-widget elementor-widget-heading\" data-id=\"fea6de6\" data-element_type=\"widget\" data-widget_type=\"heading.default\">\n\t\t\t\t\t<h2 class=\"elementor-heading-title elementor-size-default\">O nas<\/h2>\t\t\t\t<\/div>\n\t\t<div class=\"elementor-element elementor-element-23587c7 e-flex e-con-boxed e-con e-child\" data-id=\"23587c7\" data-element_type=\"container\">\n\t\t\t\t\t<div class=\"e-con-inner\">\n\t\t<div class=\"elementor-element elementor-element-6918e32 e-con-full e-flex e-con e-child\" data-id=\"6918e32\" data-element_type=\"container\">\n\t\t\t\t<div class=\"elementor-element elementor-element-5e5fad7 elementor-widget elementor-widget-text-editor\" data-id=\"5e5fad7\" data-element_type=\"widget\" data-widget_type=\"text-editor.default\">\n\t\t\t\t\t\t\t\t\t<p data-start=\"68\" data-end=\"267\">Jeste\u015bmy firm\u0105 z pasj\u0105 do innowacji i profesjonalizmu. Od lat dostarczamy naszym klientom nowoczesne rozwi\u0105zania, \u0142\u0105cz\u0105c do\u015bwiadczenie, wiedz\u0119 techniczn\u0105 i indywidualne podej\u015bcie do ka\u017cdego projektu.<\/p><p data-start=\"269\" data-end=\"548\">Naszym celem jest nie tylko realizacja zlece\u0144, ale przede wszystkim budowanie trwa\u0142ych relacji z klientami poprzez rzetelno\u015b\u0107, jako\u015b\u0107 i terminowo\u015b\u0107. W PDR stawiamy na rozw\u00f3j, kreatywno\u015b\u0107 i skuteczno\u015b\u0107, dzi\u0119ki czemu jeste\u015bmy partnerem, na kt\u00f3rego mo\u017cna liczy\u0107 w ka\u017cdej sytuacji.<\/p>\t\t\t\t\t\t\t\t<\/div>\n\t\t\t\t<\/div>\n\t\t\t\t\t<\/div>\n\t\t\t\t<\/div>\n\t\t\t\t<\/div>\n\t\t\t\t\t<\/div>\n\t\t\t\t<\/div>\n\t\t<div class=\"elementor-element elementor-element-5876edb e-flex e-con-boxed e-con e-parent\" data-id=\"5876edb\" data-element_type=\"container\">\n\t\t\t\t\t<div class=\"e-con-inner\">\n\t\t<div class=\"elementor-element elementor-element-9bdf9c6 e-con-full e-flex e-con e-child\" data-id=\"9bdf9c6\" data-element_type=\"container\">\n\t\t\t\t<div class=\"elementor-element elementor-element-d800b36 elementor-widget-divider--view-line elementor-widget elementor-widget-divider\" data-id=\"d800b36\" data-element_type=\"widget\" data-widget_type=\"divider.default\">\n\t\t\t\t\t\t\t<div class=\"elementor-divider\">\n\t\t\t<span class=\"elementor-divider-separator\">\n\t\t\t\t\t\t<\/span>\n\t\t<\/div>\n\t\t\t\t\t\t<\/div>\n\t\t<div class=\"elementor-element elementor-element-52d8406 e-flex e-con-boxed e-con e-child\" data-id=\"52d8406\" data-element_type=\"container\">\n\t\t\t\t\t<div class=\"e-con-inner\">\n\t\t<div class=\"elementor-element elementor-element-15edb5f e-con-full e-flex e-con e-child\" data-id=\"15edb5f\" data-element_type=\"container\">\n\t\t\t\t<div class=\"elementor-element elementor-element-76bc226 elementor-widget elementor-widget-text-editor\" data-id=\"76bc226\" data-element_type=\"widget\" data-widget_type=\"text-editor.default\">\n\t\t\t\t\t\t\t\t\t<p data-start=\"151\" data-end=\"465\">Wierzymy, \u017ce ka\u017cdy projekt zas\u0142uguje na indywidualne podej\u015bcie. Nasz\u0105 misj\u0105 jest tworzenie rozwi\u0105za\u0144, kt\u00f3re nie tylko spe\u0142niaj\u0105 oczekiwania klient\u00f3w, ale tak\u017ce wprowadzaj\u0105 realn\u0105 warto\u015b\u0107 do ich dzia\u0142alno\u015bci. Dzi\u0119ki innowacyjnym technologiom i kreatywnemu podej\u015bciu pomagamy naszym partnerom osi\u0105ga\u0107 sukces.<\/p><h5 data-start=\"467\" data-end=\"485\">Nasze warto\u015bci<\/h5><ul data-start=\"487\" data-end=\"825\"><li data-start=\"487\" data-end=\"565\"><p data-start=\"489\" data-end=\"565\">Profesjonalizm \u2013 dzia\u0142amy rzetelnie i terminowo, dbaj\u0105c o ka\u017cdy detal.<\/p><\/li><li data-start=\"566\" data-end=\"657\"><p data-start=\"568\" data-end=\"657\">Innowacja \u2013 stale rozwijamy nasze kompetencje i wprowadzamy nowoczesne rozwi\u0105zania.<\/p><\/li><li data-start=\"658\" data-end=\"745\"><p data-start=\"660\" data-end=\"745\">Zaufanie \u2013 budujemy trwa\u0142e relacje oparte na uczciwo\u015bci i otwartej komunikacji.<\/p><\/li><li data-start=\"746\" data-end=\"825\"><p data-start=\"748\" data-end=\"825\">Zaanga\u017cowanie \u2013 ka\u017cdy projekt traktujemy tak, jakby by\u0142 naszym w\u0142asnym.<\/p><\/li><\/ul>\t\t\t\t\t\t\t\t<\/div>\n\t\t\t\t<\/div>\n\t\t\t\t\t<\/div>\n\t\t\t\t<\/div>\n\t\t\t\t<\/div>\n\t\t\t\t<div class=\"elementor-element elementor-element-f7f95c8 elementor-widget__width-initial elementor-widget elementor-widget-image\" data-id=\"f7f95c8\" data-element_type=\"widget\" data-widget_type=\"image.default\">\n\t\t\t\t\t\t\t\t\t\t\t\t\t\t\t<img decoding=\"async\" width=\"1179\" height=\"672\" src=\"https:\/\/mrwgniot.pl\/wp-content\/uploads\/2025\/12\/476008100_3177374595748477_8893534837057635055_n.jpg\" class=\"attachment-full size-full wp-image-1547\" alt=\"\" srcset=\"https:\/\/mrwgniot.pl\/wp-content\/uploads\/2025\/12\/476008100_3177374595748477_8893534837057635055_n.jpg 1179w, https:\/\/mrwgniot.pl\/wp-content\/uploads\/2025\/12\/476008100_3177374595748477_8893534837057635055_n-300x171.jpg 300w, https:\/\/mrwgniot.pl\/wp-content\/uploads\/2025\/12\/476008100_3177374595748477_8893534837057635055_n-1024x584.jpg 1024w, https:\/\/mrwgniot.pl\/wp-content\/uploads\/2025\/12\/476008100_3177374595748477_8893534837057635055_n-768x438.jpg 768w\" sizes=\"(max-width: 1179px) 100vw, 1179px\" \/>\t\t\t\t\t\t\t\t\t\t\t\t\t\t\t<\/div>\n\t\t\t\t\t<\/div>\n\t\t\t\t<\/div>\n\t\t<div class=\"elementor-element elementor-element-1e67f1fb e-flex e-con-boxed e-con e-parent\" data-id=\"1e67f1fb\" data-element_type=\"container\">\n\t\t\t\t\t<div class=\"e-con-inner\">\n\t\t<div class=\"elementor-element elementor-element-5b0efcb e-con-full e-flex e-con e-child\" data-id=\"5b0efcb\" data-element_type=\"container\">\n\t\t<div class=\"elementor-element elementor-element-81ac848 e-flex e-con-boxed e-con e-child\" data-id=\"81ac848\" data-element_type=\"container\" data-settings=\"{&quot;background_background&quot;:&quot;classic&quot;}\">\n\t\t\t\t\t<div class=\"e-con-inner\">\n\t\t<div class=\"elementor-element elementor-element-1a48158 e-con-full e-flex e-con e-child\" data-id=\"1a48158\" data-element_type=\"container\">\n\t\t\t\t<div class=\"elementor-element elementor-element-671a009 elementor-widget elementor-widget-heading\" data-id=\"671a009\" data-element_type=\"widget\" data-widget_type=\"heading.default\">\n\t\t\t\t\t<h2 class=\"elementor-heading-title elementor-size-default\">Skontaktuj si\u0119<\/h2>\t\t\t\t<\/div>\n\t\t\t\t<div class=\"elementor-element elementor-element-4cce363 elementor-widget elementor-widget-text-editor\" data-id=\"4cce363\" data-element_type=\"widget\" data-widget_type=\"text-editor.default\">\n\t\t\t\t\t\t\t\t\t<p data-start=\"134\" data-end=\"250\">Usuwamy wgniecenia po gradzie, lekkich kolizjach i punktowych uszkodzeniach karoserii metod\u0105 PDR. Nie czekaj!<\/p>\t\t\t\t\t\t\t\t<\/div>\n\t\t\t\t<div class=\"elementor-element elementor-element-e5db6d9 elementor-widget elementor-widget-button\" data-id=\"e5db6d9\" data-element_type=\"widget\" data-widget_type=\"button.default\">\n\t\t\t\t\t\t\t\t\t\t<a class=\"elementor-button elementor-button-link elementor-size-md\" href=\"https:\/\/mrwgniot.pl\/?page_id=785\">\n\t\t\t\t\t\t<span class=\"elementor-button-content-wrapper\">\n\t\t\t\t\t\t\t\t\t<span class=\"elementor-button-text\">Kontakt<\/span>\n\t\t\t\t\t<\/span>\n\t\t\t\t\t<\/a>\n\t\t\t\t\t\t\t\t<\/div>\n\t\t\t\t<\/div>\n\t\t\t\t<div class=\"elementor-element elementor-element-a71ade1 elementor-widget__width-initial elementor-hidden-mobile elementor-widget elementor-widget-image\" data-id=\"a71ade1\" data-element_type=\"widget\" data-widget_type=\"image.default\">\n\t\t\t\t\t\t\t\t\t\t\t\t\t\t\t<img decoding=\"async\" width=\"518\" height=\"253\" src=\"https:\/\/mrwgniot.pl\/wp-content\/uploads\/2025\/12\/pngimg.com-audi_PNG1729.png\" class=\"attachment-large size-large wp-image-1509\" alt=\"\" srcset=\"https:\/\/mrwgniot.pl\/wp-content\/uploads\/2025\/12\/pngimg.com-audi_PNG1729.png 518w, https:\/\/mrwgniot.pl\/wp-content\/uploads\/2025\/12\/pngimg.com-audi_PNG1729-300x147.png 300w\" sizes=\"(max-width: 518px) 100vw, 518px\" \/>\t\t\t\t\t\t\t\t\t\t\t\t\t\t\t<\/div>\n\t\t\t\t\t<\/div>\n\t\t\t\t<\/div>\n\t\t\t\t<\/div>\n\t\t\t\t\t<\/div>\n\t\t\t\t<\/div>\n\t\t\t\t<\/div>\n\t\t","protected":false},"excerpt":{"rendered":"<p>O nas Jeste\u015bmy firm\u0105 z pasj\u0105 do innowacji i profesjonalizmu. Od lat dostarczamy naszym klientom nowoczesne rozwi\u0105zania, \u0142\u0105cz\u0105c do\u015bwiadczenie, wiedz\u0119 techniczn\u0105 i indywidualne podej\u015bcie do ka\u017cdego projektu. Naszym celem jest nie tylko realizacja zlece\u0144, ale przede wszystkim budowanie trwa\u0142ych relacji z klientami poprzez rzetelno\u015b\u0107, jako\u015b\u0107 i terminowo\u015b\u0107. W PDR stawiamy na rozw\u00f3j, kreatywno\u015b\u0107 i skuteczno\u015b\u0107, [&hellip;]<\/p>\n","protected":false},"author":1,"featured_media":0,"parent":0,"menu_order":0,"comment_status":"closed","ping_status":"closed","template":"","meta":{"ngg_post_thumbnail":0,"footnotes":""},"class_list":["post-835","page","type-page","status-publish","hentry"],"blocksy_meta":{"styles_descriptor":{"styles":{"desktop":"","tablet":"","mobile":""},"google_fonts":[],"version":6}},"_links":{"self":[{"href":"https:\/\/mrwgniot.pl\/index.php?rest_route=\/wp\/v2\/pages\/835","targetHints":{"allow":["GET"]}}],"collection":[{"href":"https:\/\/mrwgniot.pl\/index.php?rest_route=\/wp\/v2\/pages"}],"about":[{"href":"https:\/\/mrwgniot.pl\/index.php?rest_route=\/wp\/v2\/types\/page"}],"author":[{"embeddable":true,"href":"https:\/\/mrwgniot.pl\/index.php?rest_route=\/wp\/v2\/users\/1"}],"replies":[{"embeddable":true,"href":"https:\/\/mrwgniot.pl\/index.php?rest_route=%2Fwp%2Fv2%2Fcomments&post=835"}],"version-history":[{"count":32,"href":"https:\/\/mrwgniot.pl\/index.php?rest_route=\/wp\/v2\/pages\/835\/revisions"}],"predecessor-version":[{"id":1702,"href":"https:\/\/mrwgniot.pl\/index.php?rest_route=\/wp\/v2\/pages\/835\/revisions\/1702"}],"wp:attachment":[{"href":"https:\/\/mrwgniot.pl\/index.php?rest_route=%2Fwp%2Fv2%2Fmedia&parent=835"}],"curies":[{"name":"wp","href":"https:\/\/api.w.org\/{rel}","templated":true}]}}